{"id":98,"date":"2023-08-23T20:16:42","date_gmt":"2023-08-23T18:16:42","guid":{"rendered":"https:\/\/anonyme-alkoholikere.dk\/?page_id=7"},"modified":"2023-10-05T14:53:09","modified_gmt":"2023-10-05T12:53:09","slug":"anonyme-alkoholikere","status":"publish","type":"page","link":"https:\/\/box334.anonyme-alkoholikere.dk\/?page_id=98","title":{"rendered":"ANONYME ALKOHOLIKERE"},"content":{"rendered":"\r\n<p>Anonyme Alkoholikere er et f\u00e6llesskab af m\u00e6nd og kvinder, der deler erfaring, styrke og h\u00e5b, for at kunne l\u00f8se deres f\u00e6lles problem, og derigennem hj\u00e6lpe andre til at komme sig af alkoholisme.<\/p>\r\n\r\n\r\n\r\n<p>Vi udgiver bladet<strong> BOX334<\/strong> seks gange om \u00e5ret. Vi kalder det ogs\u00e5 <em><strong>m\u00f8det mellem m\u00f8derne<\/strong>.<\/em> Det indeholder historier fortalt af AA&#8217;ere, mange praktiske oplysninger om AA, beskrivelser af mange forskellige AA-aktiviteter.<\/p>\r\n\r\n\r\n\r\n<p>Du kan abbonere p\u00e5 <strong>BOX334<\/strong> -l\u00e6s mere<a href=\"https:\/\/aabutik.dk\/shop\/17-box334\/\" target=\"_blank\" rel=\"noopener\"><strong> HER<\/strong><\/a><\/p>\r\n\r\n\r\n\r\n<p>P\u00e5 denne hjemmeside kan du l\u00e6se mange af de tidligere udgaver af <strong>BOX334<\/strong>.<\/p>\r\n\r\n\r\n\r\n<p>&nbsp;<\/p>\r\n\r\n\r\n\r\n<figure class=\"wp-block-image aligncenter size-full is-resized\"><img loading=\"lazy\" decoding=\"async\" class=\"wp-image-724\" style=\"width: 205px; height: 287px;\" src=\"https:\/\/box334.anonyme-alkoholikere.dk\/wp-content\/uploads\/2023\/09\/AA-plakat-1.jpg\" alt=\"\" width=\"205\" height=\"287\" srcset=\"https:\/\/box334.anonyme-alkoholikere.dk\/wp-content\/uploads\/2023\/09\/AA-plakat-1.jpg 400w, https:\/\/box334.anonyme-alkoholikere.dk\/wp-content\/uploads\/2023\/09\/AA-plakat-1-214x300.jpg 214w\" sizes=\"auto, (max-width: 205px) 100vw, 205px\" \/><\/figure>\r\n\r\n\r\n\r\n<p>&nbsp;<\/p>\r\n","protected":false},"excerpt":{"rendered":"<p>Anonyme Alkoholikere er et f\u00e6llesskab af m\u00e6nd og kvinder, der deler erfaring, styrke og h\u00e5b, for at kunne l\u00f8se deres f\u00e6lles problem, og derigennem hj\u00e6lpe andre til at komme sig af alkoholisme. Vi udgiver bladet BOX334 seks gange om \u00e5ret. Vi kalder det ogs\u00e5 m\u00f8det mellem m\u00f8derne. Det indeholder historier fortalt af AA&#8217;ere, mange praktiske [&hellip;]<\/p>\n","protected":false},"author":2,"featured_media":0,"parent":0,"menu_order":0,"comment_status":"closed","ping_status":"closed","template":"","meta":{"footnotes":""},"class_list":["post-98","page","type-page","status-publish","hentry"],"_links":{"self":[{"href":"https:\/\/box334.anonyme-alkoholikere.dk\/index.php?rest_route=\/wp\/v2\/pages\/98","targetHints":{"allow":["GET"]}}],"collection":[{"href":"https:\/\/box334.anonyme-alkoholikere.dk\/index.php?rest_route=\/wp\/v2\/pages"}],"about":[{"href":"https:\/\/box334.anonyme-alkoholikere.dk\/index.php?rest_route=\/wp\/v2\/types\/page"}],"author":[{"embeddable":true,"href":"https:\/\/box334.anonyme-alkoholikere.dk\/index.php?rest_route=\/wp\/v2\/users\/2"}],"replies":[{"embeddable":true,"href":"https:\/\/box334.anonyme-alkoholikere.dk\/index.php?rest_route=%2Fwp%2Fv2%2Fcomments&post=98"}],"version-history":[{"count":9,"href":"https:\/\/box334.anonyme-alkoholikere.dk\/index.php?rest_route=\/wp\/v2\/pages\/98\/revisions"}],"predecessor-version":[{"id":908,"href":"https:\/\/box334.anonyme-alkoholikere.dk\/index.php?rest_route=\/wp\/v2\/pages\/98\/revisions\/908"}],"wp:attachment":[{"href":"https:\/\/box334.anonyme-alkoholikere.dk\/index.php?rest_route=%2Fwp%2Fv2%2Fmedia&parent=98"}],"curies":[{"name":"wp","href":"https:\/\/api.w.org\/{rel}","templated":true}]}}