{"id":432,"date":"2023-09-17T16:35:25","date_gmt":"2023-09-17T14:35:25","guid":{"rendered":"https:\/\/box334.anonyme-alkoholikere.dk\/?page_id=432"},"modified":"2023-09-18T21:05:30","modified_gmt":"2023-09-18T19:05:30","slug":"instruktion","status":"publish","type":"page","link":"https:\/\/box334.anonyme-alkoholikere.dk\/?page_id=432","title":{"rendered":"INSTRUKTION"},"content":{"rendered":"\n<p>N\u00e5r du l\u00e6ser i de gamle blade er det som at bladre i et blad.<\/p>\n\n\n\n<p>N\u00e5r du skal l\u00e6se et BOX-blad har du rig mulighed for at styre bladets udseende og st\u00f8rrelse p\u00e5 v\u00e6rkt\u00f8jslinjen under bladet.<\/p>\n\n\n\n<p>Den er under hvert blad<\/p>\n\n\n\n<hr class=\"wp-block-separator has-alpha-channel-opacity\"\/>\n\n\n\n<hr class=\"wp-block-separator has-alpha-channel-opacity\"\/>\n\n\n\n<figure class=\"wp-block-image\"><img decoding=\"async\" src=\"https:\/\/box334.anonyme-alkoholikere.dk\/wp-content\/uploads\/2023\/09\/instruk-1024x194.jpg\" alt=\"Dette billede har en tom ALT-egenskab (billedbeskrivelse). Filnavnet er instruk-1024x194.jpg\"\/><\/figure>\n\n\n\n<div style=\"height:100px\" aria-hidden=\"true\" class=\"wp-block-spacer\"><\/div>\n\n\n\n<p><strong>Start med at bruge fuld sk\u00e6rm<\/strong><\/p>\n","protected":false},"excerpt":{"rendered":"<p>N\u00e5r du l\u00e6ser i de gamle blade er det som at bladre i et blad. N\u00e5r du skal l\u00e6se et BOX-blad har du rig mulighed for at styre bladets udseende og st\u00f8rrelse p\u00e5 v\u00e6rkt\u00f8jslinjen under bladet. Den er under hvert blad Start med at bruge fuld sk\u00e6rm<\/p>\n","protected":false},"author":2,"featured_media":0,"parent":0,"menu_order":0,"comment_status":"closed","ping_status":"closed","template":"","meta":{"footnotes":""},"class_list":["post-432","page","type-page","status-publish","hentry"],"_links":{"self":[{"href":"https:\/\/box334.anonyme-alkoholikere.dk\/index.php?rest_route=\/wp\/v2\/pages\/432","targetHints":{"allow":["GET"]}}],"collection":[{"href":"https:\/\/box334.anonyme-alkoholikere.dk\/index.php?rest_route=\/wp\/v2\/pages"}],"about":[{"href":"https:\/\/box334.anonyme-alkoholikere.dk\/index.php?rest_route=\/wp\/v2\/types\/page"}],"author":[{"embeddable":true,"href":"https:\/\/box334.anonyme-alkoholikere.dk\/index.php?rest_route=\/wp\/v2\/users\/2"}],"replies":[{"embeddable":true,"href":"https:\/\/box334.anonyme-alkoholikere.dk\/index.php?rest_route=%2Fwp%2Fv2%2Fcomments&post=432"}],"version-history":[{"count":9,"href":"https:\/\/box334.anonyme-alkoholikere.dk\/index.php?rest_route=\/wp\/v2\/pages\/432\/revisions"}],"predecessor-version":[{"id":567,"href":"https:\/\/box334.anonyme-alkoholikere.dk\/index.php?rest_route=\/wp\/v2\/pages\/432\/revisions\/567"}],"wp:attachment":[{"href":"https:\/\/box334.anonyme-alkoholikere.dk\/index.php?rest_route=%2Fwp%2Fv2%2Fmedia&parent=432"}],"curies":[{"name":"wp","href":"https:\/\/api.w.org\/{rel}","templated":true}]}}