{"id":3,"date":"2023-09-13T12:15:27","date_gmt":"2023-09-13T12:15:27","guid":{"rendered":"https:\/\/box334.anonyme-alkoholikere.dk\/home\/anonyme-alkoholikere\/domains\/box334.anonyme-alkoholikere.dk\/public_html\/?page_id=3"},"modified":"2023-09-17T18:26:03","modified_gmt":"2023-09-17T16:26:03","slug":"privacy-policy","status":"publish","type":"page","link":"https:\/\/box334.anonyme-alkoholikere.dk\/?page_id=3","title":{"rendered":"Privatlivspolitik og cookies"},"content":{"rendered":"\n<h2 id=\"hvem-er-vi\" class=\"wp-block-heading\"><strong>Hvem er vi<\/strong><\/h2>\n\n\n\n<p>Vores weside&#8217;s adresse er: https:\/\/box334.anonyme-alkoholikere.dk\/home\/anonyme-alkoholikere\/domains\/box334.anonyme-alkoholikere.dk\/public_html.<\/p>\n\n\n\n<h2 id=\"kommentarer\" class=\"wp-block-heading\"><strong>Kommentarer<\/strong><\/h2>\n\n\n\n<p><strong class=\"privacy-policy-tutorial\">S<\/strong>ender du en mail fra denne hjemmeside opbevares din mail (adresse) hos AA, til vi har svaret p\u00e5 din mail.<\/p>\n\n\n\n<p>AA udleverer aldrig mailadresser &#8211; eller andre personlige oplysninger &#8211; til 3. part<\/p>\n\n\n\n<p><\/p>\n\n\n\n<h2 id=\"medier\" class=\"wp-block-heading\"><strong>Medier<\/strong><\/h2>\n\n\n\n<p>Bes\u00f8gende p\u00e5 webstedet kan downloade og udtr\u00e6kke alle placeringsdata fra billeder p\u00e5 webstedet. Vi kan ikke se hvad du downloader.<\/p>\n\n\n\n<h2 id=\"cookies\" class=\"wp-block-heading\"><strong>Cookies<\/strong><\/h2>\n\n\n\n<p>Vi bruger ikke cookies p\u00e5 denne webside. Du l\u00e6ser helt anonymt. Det kan v\u00e6re din egen browser husker denne side<\/p>\n\n\n\n<h2 id=\"indlejret-indhold-fra-andre-websteder\" class=\"wp-block-heading\"><strong>Indlejret indhold fra andre websteder<\/strong><\/h2>\n\n\n\n<p>Artikler p\u00e5 dette websted kan indeholde indlejret indhold (f.eks. videoer, billeder, artikler osv.). Indlejret indhold fra andre hjemmesider opf\u00f8rer sig p\u00e5 n\u00f8jagtig samme m\u00e5de, som hvis den bes\u00f8gende har bes\u00f8gt den anden hjemmeside.<\/p>\n\n\n\n<p>Disse websteder kan indsamle data om dig, bruge cookies, indlejre yderligere tredjepartssporing og overv\u00e5ge din interaktion med det indlejrede indhold, herunder sporing af din interaktion med det indlejrede indhold, hvis du har en konto og er logget ind p\u00e5 det p\u00e5g\u00e6ldende websted.<\/p>\n","protected":false},"excerpt":{"rendered":"<p>Hvem er vi Vores weside&#8217;s adresse er: https:\/\/box334.anonyme-alkoholikere.dk\/home\/anonyme-alkoholikere\/domains\/box334.anonyme-alkoholikere.dk\/public_html. Kommentarer Sender du en mail fra denne hjemmeside opbevares din mail (adresse) hos AA, til vi har svaret p\u00e5 din mail. AA udleverer aldrig mailadresser &#8211; eller andre personlige oplysninger &#8211; til 3. part Medier Bes\u00f8gende p\u00e5 webstedet kan downloade og udtr\u00e6kke alle placeringsdata fra billeder p\u00e5 [&hellip;]<\/p>\n","protected":false},"author":1,"featured_media":0,"parent":0,"menu_order":0,"comment_status":"closed","ping_status":"open","template":"","meta":{"footnotes":""},"class_list":["post-3","page","type-page","status-publish","hentry"],"_links":{"self":[{"href":"https:\/\/box334.anonyme-alkoholikere.dk\/index.php?rest_route=\/wp\/v2\/pages\/3","targetHints":{"allow":["GET"]}}],"collection":[{"href":"https:\/\/box334.anonyme-alkoholikere.dk\/index.php?rest_route=\/wp\/v2\/pages"}],"about":[{"href":"https:\/\/box334.anonyme-alkoholikere.dk\/index.php?rest_route=\/wp\/v2\/types\/page"}],"author":[{"embeddable":true,"href":"https:\/\/box334.anonyme-alkoholikere.dk\/index.php?rest_route=\/wp\/v2\/users\/1"}],"replies":[{"embeddable":true,"href":"https:\/\/box334.anonyme-alkoholikere.dk\/index.php?rest_route=%2Fwp%2Fv2%2Fcomments&post=3"}],"version-history":[{"count":6,"href":"https:\/\/box334.anonyme-alkoholikere.dk\/index.php?rest_route=\/wp\/v2\/pages\/3\/revisions"}],"predecessor-version":[{"id":444,"href":"https:\/\/box334.anonyme-alkoholikere.dk\/index.php?rest_route=\/wp\/v2\/pages\/3\/revisions\/444"}],"wp:attachment":[{"href":"https:\/\/box334.anonyme-alkoholikere.dk\/index.php?rest_route=%2Fwp%2Fv2%2Fmedia&parent=3"}],"curies":[{"name":"wp","href":"https:\/\/api.w.org\/{rel}","templated":true}]}}