{"id":156,"date":"2023-09-02T13:37:33","date_gmt":"2023-09-02T11:37:33","guid":{"rendered":"https:\/\/anonyme-alkoholikere.dk\/?page_id=156"},"modified":"2025-10-12T14:13:14","modified_gmt":"2025-10-12T12:13:14","slug":"servicekonferencer","status":"publish","type":"page","link":"https:\/\/box334.anonyme-alkoholikere.dk\/?page_id=156","title":{"rendered":"Job i service"},"content":{"rendered":"\r\n<p><strong>Box334 redaktionen s\u00f8ger medskribenter, redakt\u00f8rer, fotograf og layouter.<\/strong><\/p>\r\n\r\n\r\n\r\n<p>Vi synes vi er et hyggeligt team der har plads til flere som har lyst til at yde Service i AA. De m\u00f8des 6 gange om \u00e5ret &#8211; enten fysisk eller p\u00e5 nettet<\/p>\r\n<p><a href=\"https:\/\/anonyme-alkoholikere.dk\/wp-content\/uploads\/2025\/10\/BOX-Service-A4.pdf\" target=\"_blank\" rel=\"noopener\">Se mere her<\/a><\/p>\r\n\r\n\r\n\r\n<p>Vil du vide mere s\u00e5 skriv til:<strong> <a title=\"Du f\u00e5r hurtigt svar\" href=\"mailto:box334@anonyme-alkoholikere.dk?subject=Fra boxsiden\" target=\"_blank\" rel=\"noreferrer noopener\">box334@anonyme-alkoholikere.dk<\/a><\/strong><\/p>\r\n<p>\r\n\r\n<\/p>\r\n<p>&nbsp;<\/p>\r\n<p>\r\n\r\n<\/p>\r\n<figure class=\"wp-block-image aligncenter size-full\"><img loading=\"lazy\" decoding=\"async\" width=\"513\" height=\"293\" class=\"wp-image-744\" src=\"https:\/\/box334.anonyme-alkoholikere.dk\/wp-content\/uploads\/2023\/09\/redak-2.jpg\" alt=\"\" srcset=\"https:\/\/box334.anonyme-alkoholikere.dk\/wp-content\/uploads\/2023\/09\/redak-2.jpg 513w, https:\/\/box334.anonyme-alkoholikere.dk\/wp-content\/uploads\/2023\/09\/redak-2-300x171.jpg 300w\" sizes=\"auto, (max-width: 513px) 100vw, 513px\" \/><\/figure>\r\n<p><\/p>","protected":false},"excerpt":{"rendered":"<p>Box334 redaktionen s\u00f8ger medskribenter, redakt\u00f8rer, fotograf og layouter. Vi synes vi er et hyggeligt team der har plads til flere som har lyst til at yde Service i AA. De m\u00f8des 6 gange om \u00e5ret &#8211; enten fysisk eller p\u00e5 nettet Se mere her Vil du vide mere s\u00e5 skriv til: box334@anonyme-alkoholikere.dk &nbsp;<\/p>\n","protected":false},"author":2,"featured_media":0,"parent":0,"menu_order":0,"comment_status":"closed","ping_status":"closed","template":"","meta":{"footnotes":""},"class_list":["post-156","page","type-page","status-publish","hentry"],"_links":{"self":[{"href":"https:\/\/box334.anonyme-alkoholikere.dk\/index.php?rest_route=\/wp\/v2\/pages\/156","targetHints":{"allow":["GET"]}}],"collection":[{"href":"https:\/\/box334.anonyme-alkoholikere.dk\/index.php?rest_route=\/wp\/v2\/pages"}],"about":[{"href":"https:\/\/box334.anonyme-alkoholikere.dk\/index.php?rest_route=\/wp\/v2\/types\/page"}],"author":[{"embeddable":true,"href":"https:\/\/box334.anonyme-alkoholikere.dk\/index.php?rest_route=\/wp\/v2\/users\/2"}],"replies":[{"embeddable":true,"href":"https:\/\/box334.anonyme-alkoholikere.dk\/index.php?rest_route=%2Fwp%2Fv2%2Fcomments&post=156"}],"version-history":[{"count":13,"href":"https:\/\/box334.anonyme-alkoholikere.dk\/index.php?rest_route=\/wp\/v2\/pages\/156\/revisions"}],"predecessor-version":[{"id":1295,"href":"https:\/\/box334.anonyme-alkoholikere.dk\/index.php?rest_route=\/wp\/v2\/pages\/156\/revisions\/1295"}],"wp:attachment":[{"href":"https:\/\/box334.anonyme-alkoholikere.dk\/index.php?rest_route=%2Fwp%2Fv2%2Fmedia&parent=156"}],"curies":[{"name":"wp","href":"https:\/\/api.w.org\/{rel}","templated":true}]}}